{"id":805,"date":"2026-05-16T14:16:31","date_gmt":"2026-05-16T12:16:31","guid":{"rendered":"https:\/\/brooka.hr\/?page_id=805"},"modified":"2026-05-17T00:02:21","modified_gmt":"2026-05-16T22:02:21","slug":"o-nama","status":"publish","type":"page","link":"https:\/\/brooka.hr\/index.php\/o-nama\/","title":{"rendered":"kako je nastala\u00a0 Brooka"},"content":{"rendered":"\n<p class=\"has-primary-color has-text-color has-link-color wp-elements-9102991d21a5601eab085e8a79cb0274\" style=\"margin-top:2rem;margin-right:2rem;margin-bottom:2rem;margin-left:2rem;padding-top:var(--wp--preset--spacing--superbspacing-xsmall);padding-right:5%;padding-bottom:var(--wp--preset--spacing--superbspacing-xsmall);padding-left:5%\">Brooka je ideja koja se kuhala godinama. Tiho, negdje u pozadini, \u010dekaju\u0107i pravi trenutak i pravi spoj ljudi.A onda su se srele dvije potpuno suprotne glave: samozatajni introvert i energi\u010dni ekstrovert. Kao jin i jang, razli\u010diti u svemu, ali savr\u0161eno povezani u istoj viziji.<\/p>\n\n\n\n<figure class=\"wp-block-image size-full has-custom-border wp-duotone-unset-1\"><img fetchpriority=\"high\" decoding=\"async\" width=\"2560\" height=\"1707\" src=\"https:\/\/brooka.hr\/wp-content\/uploads\/2026\/05\/image8-1-scaled.webp\" alt=\"\" class=\"wp-image-1064\" style=\"border-top-left-radius:0px;border-top-right-radius:0px;border-bottom-left-radius:0px;border-bottom-right-radius:0px\" srcset=\"https:\/\/brooka.hr\/wp-content\/uploads\/2026\/05\/image8-1-scaled.webp 2560w, https:\/\/brooka.hr\/wp-content\/uploads\/2026\/05\/image8-1-300x200.webp 300w, https:\/\/brooka.hr\/wp-content\/uploads\/2026\/05\/image8-1-1024x683.webp 1024w, https:\/\/brooka.hr\/wp-content\/uploads\/2026\/05\/image8-1-768x512.webp 768w, https:\/\/brooka.hr\/wp-content\/uploads\/2026\/05\/image8-1-1536x1024.webp 1536w, https:\/\/brooka.hr\/wp-content\/uploads\/2026\/05\/image8-1-2048x1365.webp 2048w, https:\/\/brooka.hr\/wp-content\/uploads\/2026\/05\/image8-1-600x400.webp 600w, https:\/\/brooka.hr\/wp-content\/uploads\/2026\/05\/image8-1-80x53.webp 80w\" sizes=\"(max-width: 2560px) 100vw, 2560px\" \/><\/figure>\n\n\n\n<div class=\"wp-block-group is-layout-flow wp-block-group-is-layout-flow\">\n<h2 class=\"wp-block-heading\">iza imena<\/h2>\n\n\n\n<p class=\"has-primary-color has-text-color has-link-color has-figtree-font-family wp-elements-9aa57b6c62683acd6151594bda827cec\">Iza Brooke stoje Bruno i Katarina, a upravo je iz njihovih imena nastao naziv brenda.<\/p>\n\n\n\n<p class=\"has-primary-color has-text-color has-link-color has-figtree-font-family wp-elements-456e1dc83fb664938ccb787b9f6757ce\">Od samog po\u010detka cilj je bio jednostavan: stvarati kupa\u0107e kostime koji nisu samo lijepi, nego i kvalitetni, udobni i napravljeni s pa\u017enjom. <\/p>\n\n\n\n<p class=\"has-primary-color has-text-color has-link-color has-figtree-font-family wp-elements-cb8f005ea7c7c607b239ae021ea46cfb\">Zato svaki komad prolazi kroz na\u0161e ruke, pa\u017eljivo biramo materijale i pazimo na svaki detalj. <\/p>\n\n\n\n<p class=\"has-primary-color has-text-color has-link-color has-figtree-font-family wp-elements-e814e4e183638de4d40c591958c267d5\">Najva\u017enije nam je da se u svom kupa\u0107em osje\u0107a\u0161 dobro, samouvjereno i svoje.<\/p>\n<\/div>\n\n\n\n<div class=\"wp-block-columns is-layout-flex wp-container-core-columns-is-layout-28f84493 wp-block-columns-is-layout-flex\">\n<div class=\"wp-block-column is-layout-flow wp-block-column-is-layout-flow\"><\/div>\n\n\n\n<div class=\"wp-block-column is-layout-flow wp-block-column-is-layout-flow\">\n<figure class=\"wp-block-image size-large\"><img decoding=\"async\" width=\"1024\" height=\"683\" src=\"https:\/\/brooka.hr\/wp-content\/uploads\/2026\/05\/image0-1024x683.webp\" alt=\"\" class=\"wp-image-701\" style=\"aspect-ratio:1.499322206218758\" srcset=\"https:\/\/brooka.hr\/wp-content\/uploads\/2026\/05\/image0-1024x683.webp 1024w, https:\/\/brooka.hr\/wp-content\/uploads\/2026\/05\/image0-300x200.webp 300w, https:\/\/brooka.hr\/wp-content\/uploads\/2026\/05\/image0-768x512.webp 768w, https:\/\/brooka.hr\/wp-content\/uploads\/2026\/05\/image0-1536x1024.webp 1536w, https:\/\/brooka.hr\/wp-content\/uploads\/2026\/05\/image0-2048x1365.webp 2048w, https:\/\/brooka.hr\/wp-content\/uploads\/2026\/05\/image0-600x400.webp 600w, https:\/\/brooka.hr\/wp-content\/uploads\/2026\/05\/image0-80x53.webp 80w\" sizes=\"(max-width: 1024px) 100vw, 1024px\" \/><\/figure>\n<\/div>\n<\/div>\n\n\n\n<p class=\"has-text-align-center has-primary-color has-text-color has-link-color wp-elements-6b15422fde8beb2b7dbf4fdf2a078971\">A \u0161to se veli\u010dine ti\u010de, ne brini! <br>Vjerujemo da kupa\u0107i treba pristajati tebi, a ne ti njemu, zato svaki model mo\u017eemo prilagoditi razli\u010ditim gra\u0111ama i \u017eeljama.<\/p>\n\n\n\n<div class=\"wp-block-cover has-parallax\" style=\"min-height:578px;aspect-ratio:unset;\"><div class=\"wp-block-cover__image-background wp-image-717 size-large has-parallax\" style=\"background-position:50% 50%;background-image:url(https:\/\/brooka.hr\/wp-content\/uploads\/2026\/05\/image16-683x1024.webp)\"><\/div><span aria-hidden=\"true\" class=\"wp-block-cover__background has-custom-crna-background-color has-background-dim-40 has-background-dim\"><\/span><div class=\"wp-block-cover__inner-container has-global-padding is-layout-constrained wp-block-cover-is-layout-constrained\">\n<p class=\"has-text-align-center has-white-color has-text-color has-link-color has-large-font-size wp-elements-3db1dffa5cd5333ba00fe4ee5957bb14\" style=\"font-style:normal;font-weight:600;text-transform:uppercase\">Kupa\u0107i treba pristajati tebi, a ne ti njemu!<\/p>\n<\/div><\/div>\n","protected":false},"excerpt":{"rendered":"<p>Brooka je ideja koja se kuhala godinama. Tiho, negdje u pozadini, \u010dekaju\u0107i pravi trenutak i pravi spoj ljudi.A onda su se srele dvije potpuno suprotne glave: samozatajni introvert i energi\u010dni ekstrovert. Kao jin i jang, razli\u010diti u svemu, ali savr\u0161eno povezani u istoj viziji. iza imena Iza Brooke stoje Bruno i Katarina, a upravo je [&hellip;]<\/p>\n","protected":false},"author":1,"featured_media":0,"parent":0,"menu_order":0,"comment_status":"closed","ping_status":"closed","template":"","meta":{"footnotes":""},"class_list":["post-805","page","type-page","status-publish","hentry"],"_links":{"self":[{"href":"https:\/\/brooka.hr\/index.php\/wp-json\/wp\/v2\/pages\/805","targetHints":{"allow":["GET"]}}],"collection":[{"href":"https:\/\/brooka.hr\/index.php\/wp-json\/wp\/v2\/pages"}],"about":[{"href":"https:\/\/brooka.hr\/index.php\/wp-json\/wp\/v2\/types\/page"}],"author":[{"embeddable":true,"href":"https:\/\/brooka.hr\/index.php\/wp-json\/wp\/v2\/users\/1"}],"replies":[{"embeddable":true,"href":"https:\/\/brooka.hr\/index.php\/wp-json\/wp\/v2\/comments?post=805"}],"version-history":[{"count":41,"href":"https:\/\/brooka.hr\/index.php\/wp-json\/wp\/v2\/pages\/805\/revisions"}],"predecessor-version":[{"id":1066,"href":"https:\/\/brooka.hr\/index.php\/wp-json\/wp\/v2\/pages\/805\/revisions\/1066"}],"wp:attachment":[{"href":"https:\/\/brooka.hr\/index.php\/wp-json\/wp\/v2\/media?parent=805"}],"curies":[{"name":"wp","href":"https:\/\/api.w.org\/{rel}","templated":true}]}}